{"id":1866,"date":"2026-04-03T15:37:30","date_gmt":"2026-04-03T13:37:30","guid":{"rendered":"https:\/\/associationsaliesgolfclub.org\/?page_id=1866"},"modified":"2026-04-03T15:49:21","modified_gmt":"2026-04-03T13:49:21","slug":"club-house-et-pro-shop","status":"publish","type":"page","link":"https:\/\/associationsaliesgolfclub.org\/index.php\/club-house-et-pro-shop\/","title":{"rendered":"CLUB HOUSE ET PRO SHOP"},"content":{"rendered":"<p>[et_pb_section fb_built=\u00a0\u00bb1&Prime; _builder_version=\u00a0\u00bb4.27.5&Prime; _module_preset=\u00a0\u00bbdefault\u00a0\u00bb global_colors_info=\u00a0\u00bb{}\u00a0\u00bb][et_pb_row _builder_version=\u00a0\u00bb4.27.5&Prime; _module_preset=\u00a0\u00bbdefault\u00a0\u00bb global_colors_info=\u00a0\u00bb{}\u00a0\u00bb][et_pb_column type=\u00a0\u00bb4_4&Prime; _builder_version=\u00a0\u00bb4.27.5&Prime; _module_preset=\u00a0\u00bbdefault\u00a0\u00bb global_colors_info=\u00a0\u00bb{}\u00a0\u00bb][et_pb_text _builder_version=\u00a0\u00bb4.27.5&Prime; _module_preset=\u00a0\u00bbdefault\u00a0\u00bb global_colors_info=\u00a0\u00bb{}\u00a0\u00bb]<\/p>\n<h1><span style=\"color: #3366ff;\"><strong>CLUB HOUSE<\/strong><\/span><\/h1>\n<p>Le Club House est ouvert tous les jours pour la partie BAR et du lundi au vendredi pour la partie RESTAURATION.<\/p>\n<p>Philippe et Nadia vous accueilleront afin de vous d\u00e9salt\u00e9rer lors de vos parcours et depuis le 1er f\u00e9vrier, Christophe, chef cuisinier, est venu compl\u00e9ter l&rsquo;\u00e9quipe et vous concocter ses bons petits plats. Chaque semaine il propose une nouvelle carte compos\u00e9e de produits frais et locaux.\u00a0<\/p>\n<p>La salle de restaurant, chaleureuse et conviviale, ainsi que la terrasse ensoleill\u00e9e, vous accueillera pour vos grands et petits repas.<\/p>\n<p>&nbsp;<\/p>\n<p>[\/et_pb_text][et_pb_gallery gallery_ids=\u00a0\u00bb1854,1870,1875,1831,1857&Prime; _builder_version=\u00a0\u00bb4.27.5&Prime; _module_preset=\u00a0\u00bbdefault\u00a0\u00bb global_colors_info=\u00a0\u00bb{}\u00a0\u00bb][\/et_pb_gallery][\/et_pb_column][\/et_pb_row][\/et_pb_section][et_pb_section fb_built=\u00a0\u00bb1&Prime; _builder_version=\u00a0\u00bb4.27.5&Prime; _module_preset=\u00a0\u00bbdefault\u00a0\u00bb min_height=\u00a0\u00bb455px\u00a0\u00bb global_colors_info=\u00a0\u00bb{}\u00a0\u00bb][et_pb_row _builder_version=\u00a0\u00bb4.27.5&Prime; _module_preset=\u00a0\u00bbdefault\u00a0\u00bb custom_padding=\u00a0\u00bb||0px|||\u00a0\u00bb global_colors_info=\u00a0\u00bb{}\u00a0\u00bb][et_pb_column type=\u00a0\u00bb4_4&Prime; _builder_version=\u00a0\u00bb4.27.5&Prime; _module_preset=\u00a0\u00bbdefault\u00a0\u00bb global_colors_info=\u00a0\u00bb{}\u00a0\u00bb][et_pb_text _builder_version=\u00a0\u00bb4.27.5&Prime; _module_preset=\u00a0\u00bbdefault\u00a0\u00bb global_colors_info=\u00a0\u00bb{}\u00a0\u00bb]<\/p>\n<div class=\"editor-visual-editor__post-title-wrapper edit-post-visual-editor__post-title-wrapper\" contenteditable=\"false\">\n<h1 contenteditable=\"true\" class=\"wp-block wp-block-post-title block-editor-block-list__block editor-post-title editor-post-title__input rich-text\" aria-label=\"Saisissez le titre\" role=\"textbox\" aria-multiline=\"true\"><em>Les suggestions du chef pour la semaine :<\/em><\/h1>\n<\/div>\n<div class=\"is-root-container is-desktop-preview is-layout-flow wp-block-post-content-is-layout-flow wp-block-post-content block-editor-block-list__layout\">\n<p><span style=\"font-size: x-large;\"><strong><\/strong><\/span><\/p>\n<p><span style=\"font-size: x-large;\"><strong><\/strong><\/span><\/p>\n<p style=\"text-align: center;\"><span style=\"font-size: x-large;\"><strong>Les plats :<\/strong><\/span><br data-rich-text-line-break=\"true\" \/>Brochette de duo de poissons (dorade et saumon), cr\u00e8me de saumon, petits l\u00e9gumes et lentilles vertes<br data-rich-text-line-break=\"true\" \/>ou<br data-rich-text-line-break=\"true\" \/>Entrec\u00f4te, sauce au poivre, frites maison et salade<br data-rich-text-line-break=\"true\" \/>ou<br data-rich-text-line-break=\"true\" \/>Assiette v\u00e9g\u00e9tarienne<\/p>\n<p style=\"text-align: center;\"><span style=\"font-size: x-large;\"><strong>Et toujours :<\/strong><\/span><\/p>\n<p style=\"text-align: center;\">Planches charcuterie et fromage<\/p>\n<p style=\"text-align: center;\">Assiette du golfeur (avec du boudin b\u00e9arnais) \u00e0 partir de mai<br data-rich-text-line-break=\"true\" \/><br data-rich-text-line-break=\"true\" \/><span style=\"font-size: x-large;\"><strong>Les desserts<\/strong><\/span> :<br data-rich-text-line-break=\"true\" \/>Caf\u00e9 gourmand, salade de fruits frais, glace et g\u00e2teau au chocolat<\/p>\n<p style=\"text-align: center;\">\n<\/div>\n<p>[\/et_pb_text][\/et_pb_column][\/et_pb_row][\/et_pb_section][et_pb_section fb_built=\u00a0\u00bb1&Prime; _builder_version=\u00a0\u00bb4.27.5&Prime; _module_preset=\u00a0\u00bbdefault\u00a0\u00bb global_colors_info=\u00a0\u00bb{}\u00a0\u00bb min_height=\u00a0\u00bb265px\u00a0\u00bb][et_pb_row _builder_version=\u00a0\u00bb4.27.5&Prime; _module_preset=\u00a0\u00bbdefault\u00a0\u00bb global_colors_info=\u00a0\u00bb{}\u00a0\u00bb][et_pb_column type=\u00a0\u00bb4_4&Prime; _builder_version=\u00a0\u00bb4.27.5&Prime; _module_preset=\u00a0\u00bbdefault\u00a0\u00bb global_colors_info=\u00a0\u00bb{}\u00a0\u00bb][et_pb_text _builder_version=\u00a0\u00bb4.27.5&Prime; _module_preset=\u00a0\u00bbdefault\u00a0\u00bb global_colors_info=\u00a0\u00bb{}\u00a0\u00bb]<\/p>\n<h1><span style=\"color: #339966;\"><strong>PRO SHOP<\/strong><\/span><\/h1>\n<p>Le PRO SHOP vous propose v\u00eatements, chaussures, gants, balles, tees, mat\u00e9riel&#8230;<\/p>\n<p>Arrivage de nouveaut\u00e9s pour le printemps \u00a0logot\u00e9es ou non, pour dames et messieurs.<\/p>\n<p>Nouveaux polos de chez Under Armor !!!<\/p>\n<p>&nbsp;<\/p>\n<p>[\/et_pb_text][\/et_pb_column][\/et_pb_row][\/et_pb_section][et_pb_section fb_built=\u00a0\u00bb1&Prime; _builder_version=\u00a0\u00bb4.27.5&Prime; _module_preset=\u00a0\u00bbdefault\u00a0\u00bb global_colors_info=\u00a0\u00bb{}\u00a0\u00bb custom_padding=\u00a0\u00bb0px|||||\u00a0\u00bb][et_pb_row column_structure=\u00a0\u00bb1_5,1_5,1_5,1_5,1_5&Prime; _builder_version=\u00a0\u00bb4.27.5&Prime; _module_preset=\u00a0\u00bbdefault\u00a0\u00bb global_colors_info=\u00a0\u00bb{}\u00a0\u00bb min_height=\u00a0\u00bb328.6px\u00a0\u00bb][et_pb_column type=\u00a0\u00bb1_5&Prime; _builder_version=\u00a0\u00bb4.27.5&Prime; _module_preset=\u00a0\u00bbdefault\u00a0\u00bb global_colors_info=\u00a0\u00bb{}\u00a0\u00bb][et_pb_image src=\u00a0\u00bbhttp:\/\/associationsaliesgolfclub.org\/wp-content\/uploads\/2026\/04\/Image43-1.jpeg\u00a0\u00bb title_text=\u00a0\u00bbImage%9143%93&Prime; _builder_version=\u00a0\u00bb4.27.5&Prime; _module_preset=\u00a0\u00bbdefault\u00a0\u00bb global_colors_info=\u00a0\u00bb{}\u00a0\u00bb][\/et_pb_image][\/et_pb_column][et_pb_column type=\u00a0\u00bb1_5&Prime; _builder_version=\u00a0\u00bb4.27.5&Prime; _module_preset=\u00a0\u00bbdefault\u00a0\u00bb global_colors_info=\u00a0\u00bb{}\u00a0\u00bb][et_pb_image src=\u00a0\u00bbhttp:\/\/associationsaliesgolfclub.org\/wp-content\/uploads\/2026\/04\/Image47-1.jpeg\u00a0\u00bb title_text=\u00a0\u00bbImage%9147%93&Prime; _builder_version=\u00a0\u00bb4.27.5&Prime; _module_preset=\u00a0\u00bbdefault\u00a0\u00bb global_colors_info=\u00a0\u00bb{}\u00a0\u00bb][\/et_pb_image][\/et_pb_column][et_pb_column type=\u00a0\u00bb1_5&Prime; _builder_version=\u00a0\u00bb4.27.5&Prime; _module_preset=\u00a0\u00bbdefault\u00a0\u00bb global_colors_info=\u00a0\u00bb{}\u00a0\u00bb][et_pb_image src=\u00a0\u00bbhttp:\/\/associationsaliesgolfclub.org\/wp-content\/uploads\/2026\/04\/Image83.jpeg\u00a0\u00bb title_text=\u00a0\u00bbImage%9183%93&Prime; _builder_version=\u00a0\u00bb4.27.5&Prime; _module_preset=\u00a0\u00bbdefault\u00a0\u00bb global_colors_info=\u00a0\u00bb{}\u00a0\u00bb][\/et_pb_image][\/et_pb_column][et_pb_column type=\u00a0\u00bb1_5&Prime; _builder_version=\u00a0\u00bb4.27.5&Prime; _module_preset=\u00a0\u00bbdefault\u00a0\u00bb global_colors_info=\u00a0\u00bb{}\u00a0\u00bb][et_pb_image src=\u00a0\u00bbhttp:\/\/associationsaliesgolfclub.org\/wp-content\/uploads\/2026\/04\/Image93.jpeg\u00a0\u00bb title_text=\u00a0\u00bbImage%9193%93&Prime; _builder_version=\u00a0\u00bb4.27.5&Prime; _module_preset=\u00a0\u00bbdefault\u00a0\u00bb global_colors_info=\u00a0\u00bb{}\u00a0\u00bb][\/et_pb_image][\/et_pb_column][et_pb_column type=\u00a0\u00bb1_5&Prime; _builder_version=\u00a0\u00bb4.27.5&Prime; _module_preset=\u00a0\u00bbdefault\u00a0\u00bb global_colors_info=\u00a0\u00bb{}\u00a0\u00bb][et_pb_image src=\u00a0\u00bbhttp:\/\/associationsaliesgolfclub.org\/wp-content\/uploads\/2026\/04\/Image64.jpeg\u00a0\u00bb title_text=\u00a0\u00bbImage%9164%93&Prime; _builder_version=\u00a0\u00bb4.27.5&Prime; _module_preset=\u00a0\u00bbdefault\u00a0\u00bb global_colors_info=\u00a0\u00bb{}\u00a0\u00bb][\/et_pb_image][\/et_pb_column][\/et_pb_row][\/et_pb_section][et_pb_section fb_built=\u00a0\u00bb1&Prime; prev_background_color=\u00a0\u00bb#ffffff\u00a0\u00bb _builder_version=\u00a0\u00bb4.20.2&Prime; _module_preset=\u00a0\u00bbdefault\u00a0\u00bb background_color=\u00a0\u00bbrgba(6,155,21,0.61)\u00a0\u00bb top_divider_style=\u00a0\u00bbwave2&Prime; top_divider_height=\u00a0\u00bb54px\u00a0\u00bb global_colors_info=\u00a0\u00bb{}\u00a0\u00bb][et_pb_row column_structure=\u00a0\u00bb1_3,1_3,1_3&Prime; _builder_version=\u00a0\u00bb4.20.2&Prime; _module_preset=\u00a0\u00bbdefault\u00a0\u00bb global_colors_info=\u00a0\u00bb{}\u00a0\u00bb][et_pb_column type=\u00a0\u00bb1_3&Prime; _builder_version=\u00a0\u00bb4.20.2&Prime; _module_preset=\u00a0\u00bbdefault\u00a0\u00bb global_colors_info=\u00a0\u00bb{}\u00a0\u00bb][et_pb_text _builder_version=\u00a0\u00bb4.20.2&Prime; _module_preset=\u00a0\u00bbdefault\u00a0\u00bb global_colors_info=\u00a0\u00bb{}\u00a0\u00bb]<\/p>\n<h3><strong>Association<\/strong><\/h3>\n<h3><strong>Salies Golf Club<\/strong><\/h3>\n<p>Pr\u00e9sident 06 40 42 39 89<br \/>Vice Pr\u00e9sident 07 77 09 72 75<br \/>Golf Salies 05 59 38 37 59\u00a0<\/p>\n<p>[\/et_pb_text][\/et_pb_column][et_pb_column type=\u00a0\u00bb1_3&Prime; _builder_version=\u00a0\u00bb4.20.2&Prime; _module_preset=\u00a0\u00bbdefault\u00a0\u00bb global_colors_info=\u00a0\u00bb{}\u00a0\u00bb][et_pb_text _builder_version=\u00a0\u00bb4.20.2&Prime; _module_preset=\u00a0\u00bbdefault\u00a0\u00bb global_colors_info=\u00a0\u00bb{}\u00a0\u00bb]<\/p>\n<h3><strong>Si\u00e8ge social<\/strong><\/h3>\n<p>Chemin de Labarthe<\/p>\n<p>64270 Salies-de-B\u00e9arn<\/p>\n<p>[\/et_pb_text][\/et_pb_column][et_pb_column type=\u00a0\u00bb1_3&Prime; _builder_version=\u00a0\u00bb4.20.2&Prime; _module_preset=\u00a0\u00bbdefault\u00a0\u00bb global_colors_info=\u00a0\u00bb{}\u00a0\u00bb][et_pb_menu _builder_version=\u00a0\u00bb4.20.2&Prime; _module_preset=\u00a0\u00bbdefault\u00a0\u00bb background_color=\u00a0\u00bbRGBA(255,255,255,0)\u00a0\u00bb global_colors_info=\u00a0\u00bb{}\u00a0\u00bb][\/et_pb_menu][\/et_pb_column][\/et_pb_row][\/et_pb_section][et_pb_section fb_built=\u00a0\u00bb1&Prime; _builder_version=\u00a0\u00bb4.20.2&Prime; _module_preset=\u00a0\u00bbdefault\u00a0\u00bb custom_padding=\u00a0\u00bb||84px|||\u00a0\u00bb global_colors_info=\u00a0\u00bb{}\u00a0\u00bb][et_pb_row use_custom_gutter=\u00a0\u00bbon\u00a0\u00bb _builder_version=\u00a0\u00bb4.20.2&Prime; _module_preset=\u00a0\u00bbdefault\u00a0\u00bb background_color=\u00a0\u00bb#e2e2e2&Prime; width=\u00a0\u00bb100%\u00a0\u00bb max_width=\u00a0\u00bb2560px\u00a0\u00bb min_height=\u00a0\u00bb58.8px\u00a0\u00bb custom_margin=\u00a0\u00bb0px|auto|-92px|auto|false|false\u00a0\u00bb custom_padding=\u00a0\u00bb0px||0px||false|false\u00a0\u00bb global_colors_info=\u00a0\u00bb{}\u00a0\u00bb][et_pb_column type=\u00a0\u00bb4_4&Prime; _builder_version=\u00a0\u00bb4.20.2&Prime; _module_preset=\u00a0\u00bbdefault\u00a0\u00bb global_colors_info=\u00a0\u00bb{}\u00a0\u00bb][et_pb_text _builder_version=\u00a0\u00bb4.20.2&Prime; _module_preset=\u00a0\u00bbdefault\u00a0\u00bb custom_margin=\u00a0\u00bb-8px||-15px||false|false\u00a0\u00bb custom_padding=\u00a0\u00bb25px||25px||false|false\u00a0\u00bb global_colors_info=\u00a0\u00bb{}\u00a0\u00bb]<\/p>\n<p style=\"text-align: center;\"><span>\u00a0associationsaliesgolfclub.org\u00a0 \u00a0\u00a9 copyright 2023 Tous droits r\u00e9serv\u00e9s<\/span><\/p>\n<p>[\/et_pb_text][\/et_pb_column][\/et_pb_row][\/et_pb_section]<\/p>\n","protected":false},"excerpt":{"rendered":"<p>CLUB HOUSE Le Club House est ouvert tous les jours pour la partie BAR et du lundi au vendredi pour la partie RESTAURATION. Philippe et Nadia vous accueilleront afin de vous d\u00e9salt\u00e9rer lors de vos parcours et depuis le 1er f\u00e9vrier, Christophe, chef cuisinier, est venu compl\u00e9ter l&rsquo;\u00e9quipe et vous concocter ses bons petits plats. [&hellip;]<\/p>\n","protected":false},"author":1,"featured_media":0,"parent":0,"menu_order":0,"comment_status":"closed","ping_status":"closed","template":"","meta":{"_et_pb_use_builder":"on","_et_pb_old_content":"","_et_gb_content_width":"","footnotes":""},"class_list":["post-1866","page","type-page","status-publish","hentry"],"_links":{"self":[{"href":"https:\/\/associationsaliesgolfclub.org\/index.php\/wp-json\/wp\/v2\/pages\/1866","targetHints":{"allow":["GET"]}}],"collection":[{"href":"https:\/\/associationsaliesgolfclub.org\/index.php\/wp-json\/wp\/v2\/pages"}],"about":[{"href":"https:\/\/associationsaliesgolfclub.org\/index.php\/wp-json\/wp\/v2\/types\/page"}],"author":[{"embeddable":true,"href":"https:\/\/associationsaliesgolfclub.org\/index.php\/wp-json\/wp\/v2\/users\/1"}],"replies":[{"embeddable":true,"href":"https:\/\/associationsaliesgolfclub.org\/index.php\/wp-json\/wp\/v2\/comments?post=1866"}],"version-history":[{"count":8,"href":"https:\/\/associationsaliesgolfclub.org\/index.php\/wp-json\/wp\/v2\/pages\/1866\/revisions"}],"predecessor-version":[{"id":1906,"href":"https:\/\/associationsaliesgolfclub.org\/index.php\/wp-json\/wp\/v2\/pages\/1866\/revisions\/1906"}],"wp:attachment":[{"href":"https:\/\/associationsaliesgolfclub.org\/index.php\/wp-json\/wp\/v2\/media?parent=1866"}],"curies":[{"name":"wp","href":"https:\/\/api.w.org\/{rel}","templated":true}]}}